{"id":448,"date":"2022-01-14T15:53:18","date_gmt":"2022-01-14T14:53:18","guid":{"rendered":"https:\/\/www.ebenevengamaggio.it\/?page_id=448"},"modified":"2023-10-26T10:10:06","modified_gmt":"2023-10-26T08:10:06","slug":"corsi-e-attivita","status":"publish","type":"page","link":"https:\/\/www.ebenevengamaggio.it\/index.php\/corsi-e-attivita\/","title":{"rendered":"Corsi e attivit\u00e0"},"content":{"rendered":"\n<div class=\"wp-block-columns is-layout-flex wp-container-core-columns-is-layout-d0b3c9c8 wp-block-columns-is-layout-flex\">\n<div class=\"wp-block-column is-layout-flow wp-block-column-is-layout-flow\" style=\"--col-width:50%;flex-basis:50%\">\n<figure class=\"wp-block-image size-large is-resized\"><img decoding=\"async\" width=\"1024\" height=\"1024\" src=\"https:\/\/www.ebenevengamaggio.it\/wp-content\/uploads\/2021\/12\/SCUOLA_Tavola-disegno-1-1024x1024.png\" alt=\"logo psrv\" class=\"wp-image-307\" srcset=\"https:\/\/www.ebenevengamaggio.it\/wp-content\/uploads\/2021\/12\/SCUOLA_Tavola-disegno-1-1024x1024.png 1024w, https:\/\/www.ebenevengamaggio.it\/wp-content\/uploads\/2021\/12\/SCUOLA_Tavola-disegno-1-300x300.png 300w, https:\/\/www.ebenevengamaggio.it\/wp-content\/uploads\/2021\/12\/SCUOLA_Tavola-disegno-1-150x150.png 150w, https:\/\/www.ebenevengamaggio.it\/wp-content\/uploads\/2021\/12\/SCUOLA_Tavola-disegno-1-768x768.png 768w, https:\/\/www.ebenevengamaggio.it\/wp-content\/uploads\/2021\/12\/SCUOLA_Tavola-disegno-1-1536x1536.png 1536w, https:\/\/www.ebenevengamaggio.it\/wp-content\/uploads\/2021\/12\/SCUOLA_Tavola-disegno-1-2048x2048.png 2048w, https:\/\/www.ebenevengamaggio.it\/wp-content\/uploads\/2021\/12\/SCUOLA_Tavola-disegno-1-1200x1200.png 1200w, https:\/\/www.ebenevengamaggio.it\/wp-content\/uploads\/2021\/12\/SCUOLA_Tavola-disegno-1-1980x1980.png 1980w\" sizes=\"(max-width: 1024px) 100vw, 1024px\" \/><\/figure>\n<\/div>\n\n\n\n<div class=\"wp-block-column is-layout-flow wp-block-column-is-layout-flow\" style=\"--col-width:50%;flex-basis:50%\">\n<p><\/p>\n\n\n\n<p><strong>La Piccola Scuola di musica e danza della Valle del Savena \u201cRiccardo Venier\u201d \u00e8 nata nel 1992 dall\u2019esigenza dei suonatori di tramandare e divulgare le tradizioni musicali della Valle del Savena.<\/strong><\/p>\n<\/div>\n<\/div>\n\n\n\n<p>La scuola \u00e8 rivolta a bambini e adulti di tutte le et\u00e0 e offre un percorso didattico incentrato, oltre che sullo studio dello strumento, su esperienze e laboratori collettivi di ascolto, musica insieme e musica in movimento. Le attivit\u00e0 sono completate da eventi condivisi con la comunit\u00e0: conferenze, concerti, partecipazione a momenti di festa e ritualit\u00e0.<\/p>\n\n\n\n<div class=\"wp-block-media-text alignwide is-stacked-on-mobile\" style=\"grid-template-columns:45% auto\"><figure class=\"wp-block-media-text__media\"><img decoding=\"async\" width=\"1000\" height=\"698\" src=\"https:\/\/www.ebenevengamaggio.it\/wp-content\/uploads\/2022\/01\/scuola-musica-2015-FCPSM-NNN_0609.jpg\" alt=\"la scuola\" class=\"wp-image-593 size-full\" srcset=\"https:\/\/www.ebenevengamaggio.it\/wp-content\/uploads\/2022\/01\/scuola-musica-2015-FCPSM-NNN_0609.jpg 1000w, https:\/\/www.ebenevengamaggio.it\/wp-content\/uploads\/2022\/01\/scuola-musica-2015-FCPSM-NNN_0609-300x209.jpg 300w, https:\/\/www.ebenevengamaggio.it\/wp-content\/uploads\/2022\/01\/scuola-musica-2015-FCPSM-NNN_0609-768x536.jpg 768w\" sizes=\"(max-width: 1000px) 100vw, 1000px\" \/><\/figure><div class=\"wp-block-media-text__content\">\n<p>Gli insegnanti sono: artisti, maestri diplomati, musicologi, etnomusicologi, suonatori della tradizione con<br>esperienza pluriennale.<br><\/p>\n\n\n\n<p>La metodologia sviluppata negli anni \u00e8 riconosciuta innovativa a livello internazionale e numerose pubblicazioni lo testimoniano.<\/p>\n<\/div><\/div>\n\n\n\n<p>Tutti i corsi sono modulati sulle esigenze degli iscritti.<\/p>\n\n\n\n<div class=\"wp-block-columns is-layout-flex wp-container-core-columns-is-layout-d0b3c9c8 wp-block-columns-is-layout-flex\">\n<div class=\"wp-block-column is-layout-flow wp-block-column-is-layout-flow\">\n<p class=\"has-accent-background-color has-background has-large-font-size\">Corsi di strumento              Corsi di ballo<\/p>\n\n\n\n<p class=\"has-accent-background-color has-background has-large-font-size\">Corsi di canto<br>Musica per bambini <\/p>\n<\/div>\n\n\n\n<div class=\"wp-block-column is-layout-flow wp-block-column-is-layout-flow\">\n<div class=\"wp-block-qubely-image qubely-block-993500\"><div class=\"qubely-block-image  qubely-image-layout-simple\"><div class=\"qubely-image-media qubely-vertical-alignment-center qubely-horizontal-alignment-center\"><figure><div class=\"qubely-image-container\"><img decoding=\"async\" class=\"qubely-image-image\" src=\"https:\/\/www.ebenevengamaggio.it\/wp-content\/uploads\/2021\/01\/manfrone.jpg\" alt=\"\"\/><\/div><\/figure><\/div><\/div><\/div>\n<\/div>\n<\/div>\n\n\n\n<h2 class=\"wp-block-heading has-text-align-center\">I laboratori<\/h2>\n\n\n\n<div class=\"wp-block-columns alignwide has-accent-background-color has-background is-layout-flex wp-container-core-columns-is-layout-d0b3c9c8 wp-block-columns-is-layout-flex\">\n<div class=\"wp-block-column is-layout-flow wp-block-column-is-layout-flow\">\n<h6 class=\"wp-block-heading has-text-align-left\">Attivit\u00e0 presso la sede o altro locale nel comune di Monghidoro<\/h6>\n<\/div>\n\n\n\n<div class=\"wp-block-column is-layout-flow wp-block-column-is-layout-flow\">\n<h6 class=\"wp-block-heading\">I laboratori nelle scuole primarie e secondarie<\/h6>\n<\/div>\n<\/div>\n\n\n\n<div class=\"wp-block-columns alignwide is-layout-flex wp-container-core-columns-is-layout-d0b3c9c8 wp-block-columns-is-layout-flex\">\n<div class=\"wp-block-column is-layout-flow wp-block-column-is-layout-flow\">\n<h6 class=\"wp-block-heading\">Corso di ballo staccato della tradizione montanara<\/h6>\n\n\n\n<p>Il laboratorio di ballo montanaro ha avuto un grande successo anche l&#8217;anno scorso, \u00e8 gi\u00e0 stato organizzato per ripartire dal 20 settembre 2023. E&#8217; gi\u00e0 strutturato e avviato. Verr\u00e0 riproposto a cicli di 6 incontri fino alla primavera.<\/p>\n\n\n\n<h6 class=\"wp-block-heading\">Musica d&#8217;insieme<\/h6>\n\n\n\n<p>8 lezioni, 1 incontro al mese di 2 ore                                                        Da ottobre 2023 a maggio 2024 (inizio venerd\u00ec 27 Ottobre)                             Il corso \u00e8 rivolto a tutti i livelli: principianti, intermedi e avanzati.<\/p>\n\n\n\n<p>Il laboratorio sar\u00e0 strutturato come una prova di musica d&#8217;insieme, si prepareranno e arrangeranno le musiche della tradizione montanara; i principianti faranno gli accompagnamenti a seconda del loro livello, gli intermedi faranno ritmica o il secondo a seconda del loro livello e gli avanzati completeranno il brano con il primo e la ritmica, a seconda di cosa necessario.<\/p>\n\n\n\n<p>Si prevede un minimo di 8 iscritti per avviare gli incontri.<br>L&#8217; obiettivo sar\u00e0 di preparare i partecipanti all&#8217;esecuzione e all&#8217;arrangiamento di un brano tradizionale, il risultato finale ideale sarebbe un gruppo in grado di eseguire almeno 5 balli del repertorio montanaro della valle del Savena.<\/p>\n\n\n\n<h6 class=\"wp-block-heading\">Laboratorio di chinetografia<\/h6>\n\n\n\n<p>Il carattere del movimento: un laboratorio per esplorare in profondit\u00e0 gli elementi di base del movimento corporeo, applicandoli alle tecniche delle diverse discipline ed abitudini corporee praticate dai partecipanti. Un percorso, basato sulla tecnica di chinetografia \u201cLaban\u201d, per ampliare la cultura di movimento di ognuno, approfondendo la propria e conoscendone delle altre.<br>Il laboratorio \u00e8 rivolto in particolar modo a giovani e adulti che praticano discipline corporee o hanno passione per il movimento. Inizier\u00e0 in dicembre e sar\u00e0 a frequenza settimanale per 6 incontri.<br>Il laboratorio si svolger\u00e0 in Via degli Olivetani,7       Costo: gratuito<\/p>\n\n\n\n<h6 class=\"wp-block-heading\">Laboratorio di canto corale<\/h6>\n\n\n\n<p>Da Marzo 2024 a Maggio 2024                                                                    6 incontri rivolti a tutti i livelli: principianti, intermedi e avanzati.<br>Il Laboratorio sar\u00e0 strutturato come un prova di canto della Compagnia del maggio; si arriva, ci si divide in bassi, primi e secondi, il maestro spiegher\u00e0 le parti ai partecipanti e si inizia a provare.<br>Il corso prevede un minimo di 6 iscritti per essere avviato.<br>L&#8217;obiettivo sar\u00e0 di avere un gruppo autonomo in grado di eseguire i canti del Maggio e un minimo di 5 canti della tradizione montanara secondo i canoni tradizionali.          Costo: gratuito + tessera associativa<\/p>\n<\/div>\n\n\n\n<div class=\"wp-block-column is-layout-flow wp-block-column-is-layout-flow\">\n<h6 class=\"wp-block-heading\">Tonda, mostri!<\/h6>\n\n\n\n<p><em>Per la scuola primaria.<\/em><br>2 incontri annuali da 1h30&#8242;<br>Il laboratorio prevede due incontri in cui si impareranno i passi, gesti e ritmi di danza di base. Utilizzando i balli montanari pi\u00f9 semplici, a partire da balli gioco e balli cantati, il corso \u00e8 finalizzato alla creazione della capacit\u00e0 di connettersi attraverso il movimento con se stessi, la propria espressione psico-motoria, il proprio spazio per imparare ad interagire con gli altri e lo spazio altrui in una situazione di gruppo.<\/p>\n\n\n\n<h6 class=\"wp-block-heading\">Laboratorio di balli montanari<\/h6>\n\n\n\n<p><em>Scuola secondaria di primo grado<\/em><br>2 incontri annuali da 1h30&#8242;<br>Il laboratorio prevede due incontri in cui si impareranno alcune tra le danze del repertorio tradizionale della Valle del Savena.<\/p>\n\n\n\n<h6 class=\"wp-block-heading\">Suonar danzando<\/h6>\n\n\n\n<p><em>Per gli allievi dell&#8217;indirizzo musicale della Scuola secondaria di primo grado<\/em><br>2 incontri annuali da 1h30&#8242;<br>Il laboratorio prevede due incontri di 1h 30 l\u2019uno in cui si approfondiranno alcuni balli e canti montanari; verranno proposti degli spartiti e si imparer\u00e0 ad eseguirne alcuni, sia melodicamente che ritmicamente. La prima fase vedr\u00e0 l\u2019esecuzione, da parte degli operatori, di semplici brani della letteratura rinascimentale e barocca e dei loro paralleli presenti nella pratica di tradizione orale della provincia di Bologna per identificare stereotipi ritmici e melodici presenti nella letteratura musicale nell\u2019arco di 5 secoli.<br>La seconda fase vedr\u00e0 gli allievi apprendere attraverso il movimento danzato gli stereotipi ritmici-accentuali-metrici presenti ancora oggi nella tradizione orale della provincia di Bologna e la loro traduzione in gesti sonori sui propri strumenti.<br>La terza fase vedr\u00e0 gli allievi, divisi in gruppi e poi insieme, affrontare spartiti della letteratura contigua alla tradizione orale (Maineri, Zannetti, Colombi, Banchieri) e interpretarli traducendo le indicazioni cinetiche in dinamica, accentuazione e fraseggio.<\/p>\n<\/div>\n<\/div>\n\n\n\n<p class=\"has-text-align-center\">Partecipare a un LABORATORIO significa costruire un\u2019esperienza in comune, creare nuove connessioni grazie agli stimoli forniti dagli esperti e dai compagni di viaggio.<br>Alcuni laboratori sono a cadenza mensile altri settimanale.<\/p>\n\n\n\n<p class=\"has-text-align-center has-accent-background-color has-background\">Per INFO e costi: Ricardo Tel. 338 6025823    oppure info@ebenevengamaggio.it<br><\/p>\n","protected":false},"excerpt":{"rendered":"<p>La Piccola Scuola di musica e danza della Valle del Savena \u201cRiccardo Venier\u201d \u00e8 nata nel 1992 dall\u2019esigenza dei suonatori di tramandare e divulgare le tradizioni musicali della Valle del&hellip;<\/p>\n","protected":false},"author":1,"featured_media":0,"parent":0,"menu_order":0,"comment_status":"closed","ping_status":"closed","template":"","meta":{"qubely_global_settings":"","qubely_interactions":"","footnotes":""},"class_list":["post-448","page","type-page","status-publish","hentry"],"_links":{"self":[{"href":"https:\/\/www.ebenevengamaggio.it\/index.php\/wp-json\/wp\/v2\/pages\/448","targetHints":{"allow":["GET"]}}],"collection":[{"href":"https:\/\/www.ebenevengamaggio.it\/index.php\/wp-json\/wp\/v2\/pages"}],"about":[{"href":"https:\/\/www.ebenevengamaggio.it\/index.php\/wp-json\/wp\/v2\/types\/page"}],"author":[{"embeddable":true,"href":"https:\/\/www.ebenevengamaggio.it\/index.php\/wp-json\/wp\/v2\/users\/1"}],"replies":[{"embeddable":true,"href":"https:\/\/www.ebenevengamaggio.it\/index.php\/wp-json\/wp\/v2\/comments?post=448"}],"version-history":[{"count":0,"href":"https:\/\/www.ebenevengamaggio.it\/index.php\/wp-json\/wp\/v2\/pages\/448\/revisions"}],"wp:attachment":[{"href":"https:\/\/www.ebenevengamaggio.it\/index.php\/wp-json\/wp\/v2\/media?parent=448"}],"curies":[{"name":"wp","href":"https:\/\/api.w.org\/{rel}","templated":true}]}}