{"id":264,"date":"2021-12-21T20:11:08","date_gmt":"2021-12-21T19:11:08","guid":{"rendered":"https:\/\/www.ebenevengamaggio.it\/?page_id=264"},"modified":"2022-01-24T10:12:37","modified_gmt":"2022-01-24T09:12:37","slug":"fare-una-donazione","status":"publish","type":"page","link":"https:\/\/www.ebenevengamaggio.it\/index.php\/fare-una-donazione\/","title":{"rendered":"5&#215;1000, donazione ed erogazione liberale"},"content":{"rendered":"\n<p><strong>5 x 1000<\/strong><br>Un&#8217;importante fonte di sostegno per \u201cE bene venga maggio\u201d deriva dalla modalit\u00e0 del 5 x 1000, che viene fatta in occasione dell&#8217;annuale dichiarazione dei redditi.Si tratta della scelta di destinare una piccola parte delle proprie tasse per uno scopo solidaristico e culturale.<br>Perci\u00f2 ci teniamo molto a ricordare a chi ci segue e ci \u00e8 vicino, come pure ai nostri soci e volontari, di scegliere questa modalit\u00e0 per darci una mano. Questa somma di denaro entra direttamente nel bilancio dell&#8217;associazione e viene destinata prevalentemente a coprire le spese per la formazione e l&#8217;educazione delle giovani generazioni (per es. l&#8217;attivit\u00e0 della Piccola Scuola di Musica e Danza, i laboratori e gli interventi nelle scuole, l&#8217;animazione per i bambini e le bambine delle famiglie immigrate).<\/p>\n\n\n\n<p class=\"has-accent-background-color has-background\">Il nostro codice fiscale da indicare nella dichiarazione dei redditi per questa scelta del 5 x 1000 \u00e8 il seguente: 92040680370.<\/p>\n\n\n\n<p>La somma assegnata a \u201cE bene venga maggio\u201d per questa modalit\u00e0 del 5 x 1000, relativamente all&#8217;anno 2020, \u00e8 stata pari ad \u20ac 901,49<\/p>\n\n\n\n<p><\/p>\n\n\n\n<p><\/p>\n\n\n\n<p><strong>DONAZIONE o EROGAZIONE LIBERALE<\/strong><br>L&#8217;attivit\u00e0 di \u201cE bene venga maggio\u201d si sostiene anche se chi condivide i suoi scopi e finalit\u00e0 contribuisce con denaro alla copertura delle spese.<br>Una donazione pu\u00f2 essere fatta durante lo svolgimento delle iniziative, rivolgendosi ai responsabili dell&#8217;associazione che rilasceranno contestualmente apposita ricevuta. Oppure inviando denaro con un bonifico bancario all&#8217;IBAN sottocitato.<br>Si pu\u00f2 contribuire anche con una &#8216;erogazione liberale&#8217;. Questa d\u00e0 diritto per le persone fisiche alla detraibilit\u00e0 dall&#8217;Irpef nella misura del 19%, mentre per le imprese alla deduzione dal reddito d&#8217;impresa. L&#8217;associazione provveder\u00e0 in entrambi i casi a rilasciare apposita dichiarazione di incasso per la necessaria documentazione.<br><\/p>\n\n\n\n<p class=\"has-accent-background-color has-background\">L&#8217;Iban del conto corrente bancario dell&#8217;associazione, presso l&#8217;agenzia monghidorese della BCC Felsinea, \u00e8 il seguente: IT03B0847236930020010006090<\/p>\n","protected":false},"excerpt":{"rendered":"<p>5 x 1000Un&#8217;importante fonte di sostegno per \u201cE bene venga maggio\u201d deriva dalla modalit\u00e0 del 5 x 1000, che viene fatta in occasione dell&#8217;annuale dichiarazione dei redditi.Si tratta della scelta&hellip;<\/p>\n","protected":false},"author":1,"featured_media":0,"parent":0,"menu_order":0,"comment_status":"closed","ping_status":"closed","template":"","meta":{"qubely_global_settings":"","qubely_interactions":"","footnotes":""},"class_list":["post-264","page","type-page","status-publish","hentry"],"_links":{"self":[{"href":"https:\/\/www.ebenevengamaggio.it\/index.php\/wp-json\/wp\/v2\/pages\/264","targetHints":{"allow":["GET"]}}],"collection":[{"href":"https:\/\/www.ebenevengamaggio.it\/index.php\/wp-json\/wp\/v2\/pages"}],"about":[{"href":"https:\/\/www.ebenevengamaggio.it\/index.php\/wp-json\/wp\/v2\/types\/page"}],"author":[{"embeddable":true,"href":"https:\/\/www.ebenevengamaggio.it\/index.php\/wp-json\/wp\/v2\/users\/1"}],"replies":[{"embeddable":true,"href":"https:\/\/www.ebenevengamaggio.it\/index.php\/wp-json\/wp\/v2\/comments?post=264"}],"version-history":[{"count":0,"href":"https:\/\/www.ebenevengamaggio.it\/index.php\/wp-json\/wp\/v2\/pages\/264\/revisions"}],"wp:attachment":[{"href":"https:\/\/www.ebenevengamaggio.it\/index.php\/wp-json\/wp\/v2\/media?parent=264"}],"curies":[{"name":"wp","href":"https:\/\/api.w.org\/{rel}","templated":true}]}}